{"id":27,"date":"2019-11-18T23:34:00","date_gmt":"2019-11-18T22:34:00","guid":{"rendered":"https:\/\/noisytriathlon.planethoster.world\/?page_id=27"},"modified":"2025-09-23T22:46:27","modified_gmt":"2025-09-23T20:46:27","slug":"bienvenue","status":"publish","type":"page","link":"https:\/\/shop.noisytriathlon.com\/","title":{"rendered":"Bienvenue"},"content":{"rendered":"<p>Bienvenue sur la nouvelle boutique en ligne du club de <span style=\"color: #e50477;\">Noisy-le-Grand Triathlon<\/span><\/p>\n<h4>\u00a0<\/h4>\n<h4>\u00a0<\/h4>\n<h1 style=\"text-align: center;\"><span style=\"color: #e50477;\"><strong>Ouverture de la saison de commande 2025-2026!! <\/strong><\/span><\/h1>\n<p style=\"text-align: center;\"><img loading=\"lazy\" decoding=\"async\" class=\"wp-image-4409 size-medium aligncenter\" src=\"https:\/\/shop.noisytriathlon.com\/wp-content\/uploads\/2024\/11\/huub-logo-e1731604856968-300x88.webp\" alt=\"\" width=\"300\" height=\"88\" srcset=\"https:\/\/shop.noisytriathlon.com\/wp-content\/uploads\/2024\/11\/huub-logo-e1731604856968-300x88.webp 300w, https:\/\/shop.noisytriathlon.com\/wp-content\/uploads\/2024\/11\/huub-logo-e1731604856968.webp 313w\" sizes=\"auto, (max-width: 300px) 100vw, 300px\" \/><\/p>\n<p style=\"text-align: center;\">Ce site vous permettra de commander tout l&rsquo;\u00e9quipement de la parfaite ou du parfait triathl\u00e8te aux couleurs du <span style=\"color: #e50477;\">Noisy-le-Grand Triathlon<\/span>! Attention certains produits sont soumis \u00e0 un quota minimal pour \u00eatre commandable aupr\u00e8s du fournisseur. Dans ce cas, le membre sera rembours\u00e9 de la diff\u00e9rence.<\/p>\n<p style=\"text-align: center;\">Merci pour votre confiance.<\/p>\n\n<div class=\"wp-block-image is-style-rounded\">\n<figure class=\"aligncenter size-large is-resized\"><img loading=\"lazy\" decoding=\"async\" width=\"512\" height=\"512\" src=\"https:\/\/shop.noisytriathlon.com\/wp-content\/uploads\/2019\/11\/cropped-MARQUAGE_ROSE_SANS_FOND_FACE_AVANT_TSHIRT_ROSE_NOISY_LE_GRAND_TRIATHLON_DIM_80X80.png\" alt=\"Noisy-le-Grand Triathlon logo\" class=\"wp-image-1639\" style=\"width:294px;height:294px\" title=\"Noisy-le-Grand Triathlon logo\" srcset=\"https:\/\/shop.noisytriathlon.com\/wp-content\/uploads\/2019\/11\/cropped-MARQUAGE_ROSE_SANS_FOND_FACE_AVANT_TSHIRT_ROSE_NOISY_LE_GRAND_TRIATHLON_DIM_80X80.png 512w, https:\/\/shop.noisytriathlon.com\/wp-content\/uploads\/2019\/11\/cropped-MARQUAGE_ROSE_SANS_FOND_FACE_AVANT_TSHIRT_ROSE_NOISY_LE_GRAND_TRIATHLON_DIM_80X80-300x300.png 300w, https:\/\/shop.noisytriathlon.com\/wp-content\/uploads\/2019\/11\/cropped-MARQUAGE_ROSE_SANS_FOND_FACE_AVANT_TSHIRT_ROSE_NOISY_LE_GRAND_TRIATHLON_DIM_80X80-150x150.png 150w, https:\/\/shop.noisytriathlon.com\/wp-content\/uploads\/2019\/11\/cropped-MARQUAGE_ROSE_SANS_FOND_FACE_AVANT_TSHIRT_ROSE_NOISY_LE_GRAND_TRIATHLON_DIM_80X80-324x324.png 324w, https:\/\/shop.noisytriathlon.com\/wp-content\/uploads\/2019\/11\/cropped-MARQUAGE_ROSE_SANS_FOND_FACE_AVANT_TSHIRT_ROSE_NOISY_LE_GRAND_TRIATHLON_DIM_80X80-416x416.png 416w, https:\/\/shop.noisytriathlon.com\/wp-content\/uploads\/2019\/11\/cropped-MARQUAGE_ROSE_SANS_FOND_FACE_AVANT_TSHIRT_ROSE_NOISY_LE_GRAND_TRIATHLON_DIM_80X80-100x100.png 100w, https:\/\/shop.noisytriathlon.com\/wp-content\/uploads\/2019\/11\/cropped-MARQUAGE_ROSE_SANS_FOND_FACE_AVANT_TSHIRT_ROSE_NOISY_LE_GRAND_TRIATHLON_DIM_80X80-270x270.png 270w, https:\/\/shop.noisytriathlon.com\/wp-content\/uploads\/2019\/11\/cropped-MARQUAGE_ROSE_SANS_FOND_FACE_AVANT_TSHIRT_ROSE_NOISY_LE_GRAND_TRIATHLON_DIM_80X80-192x192.png 192w, https:\/\/shop.noisytriathlon.com\/wp-content\/uploads\/2019\/11\/cropped-MARQUAGE_ROSE_SANS_FOND_FACE_AVANT_TSHIRT_ROSE_NOISY_LE_GRAND_TRIATHLON_DIM_80X80-180x180.png 180w, https:\/\/shop.noisytriathlon.com\/wp-content\/uploads\/2019\/11\/cropped-MARQUAGE_ROSE_SANS_FOND_FACE_AVANT_TSHIRT_ROSE_NOISY_LE_GRAND_TRIATHLON_DIM_80X80-32x32.png 32w\" sizes=\"auto, (max-width: 512px) 100vw, 512px\" \/><\/figure>\n<\/div>\n\n\n<p class=\"has-drop-cap\"><\/p>\n","protected":false},"excerpt":{"rendered":"<p>Bienvenue sur la nouvelle boutique en ligne du club de Noisy-le-Grand Triathlon \u00a0 \u00a0 Ouverture de la saison de commande 2025-2026!! Ce site vous permettra de commander tout l&rsquo;\u00e9quipement de la parfaite ou du parfait triathl\u00e8te aux couleurs du Noisy-le-Grand Triathlon! Attention certains produits sont soumis \u00e0 un quota minimal pour \u00eatre commandable aupr\u00e8s du [&hellip;]<\/p>\n","protected":false},"author":1,"featured_media":0,"parent":0,"menu_order":0,"comment_status":"closed","ping_status":"closed","template":"","meta":{"_bbp_topic_count":0,"_bbp_reply_count":0,"_bbp_total_topic_count":0,"_bbp_total_reply_count":0,"_bbp_voice_count":0,"_bbp_anonymous_reply_count":0,"_bbp_topic_count_hidden":0,"_bbp_reply_count_hidden":0,"_bbp_forum_subforum_count":0,"footnotes":""},"class_list":["post-27","page","type-page","status-publish","hentry"],"jetpack_sharing_enabled":true,"_links":{"self":[{"href":"https:\/\/shop.noisytriathlon.com\/index.php?rest_route=\/wp\/v2\/pages\/27","targetHints":{"allow":["GET"]}}],"collection":[{"href":"https:\/\/shop.noisytriathlon.com\/index.php?rest_route=\/wp\/v2\/pages"}],"about":[{"href":"https:\/\/shop.noisytriathlon.com\/index.php?rest_route=\/wp\/v2\/types\/page"}],"author":[{"embeddable":true,"href":"https:\/\/shop.noisytriathlon.com\/index.php?rest_route=\/wp\/v2\/users\/1"}],"replies":[{"embeddable":true,"href":"https:\/\/shop.noisytriathlon.com\/index.php?rest_route=%2Fwp%2Fv2%2Fcomments&post=27"}],"version-history":[{"count":29,"href":"https:\/\/shop.noisytriathlon.com\/index.php?rest_route=\/wp\/v2\/pages\/27\/revisions"}],"predecessor-version":[{"id":4521,"href":"https:\/\/shop.noisytriathlon.com\/index.php?rest_route=\/wp\/v2\/pages\/27\/revisions\/4521"}],"wp:attachment":[{"href":"https:\/\/shop.noisytriathlon.com\/index.php?rest_route=%2Fwp%2Fv2%2Fmedia&parent=27"}],"curies":[{"name":"wp","href":"https:\/\/api.w.org\/{rel}","templated":true}]}}