{"id":4309,"date":"2024-11-13T14:12:11","date_gmt":"2024-11-13T13:12:11","guid":{"rendered":"https:\/\/shop.noisytriathlon.com\/?post_type=product&#038;p=4309"},"modified":"2025-09-23T22:48:47","modified_gmt":"2025-09-23T20:48:47","slug":"trifonction-homme-sans-manche-club","status":"publish","type":"product","link":"https:\/\/shop.noisytriathlon.com\/?product=trifonction-homme-sans-manche-club","title":{"rendered":"Trifonction Homme sans manche Club (Zip avant)"},"content":{"rendered":"<h2>\u00a0DESCRIPTIF TECHNIQUE DE LA COMBINAISON TRIFONCTION HUUB SANS MANCHE <span style=\"color: #e50477;\">HOMME<\/span>:<\/h2>\n<p>Marque HUUB<\/p>\n<p>La trifonction sans manches Club est fabriqu\u00e9e avec les meilleurs tissus italiens. Elle comporte une peau de chamois 3D \u00e0 profil bas, ce qui la rend incroyablement confortable pour la course.<\/p>\n<p>C\u2019est une combinaison tr\u00e8s confortable pour la course. La fermeture \u00e9clair sur tout le devant permet un ajustement maximal, tandis que les griffes en silicone sur les jambes maintiennent la combinaison en place pendant la course. Les grandes poches arri\u00e8re offrent suffisamment d&rsquo;espace pour ranger les objets indispensables le jour de la course.<\/p>\n<ul>\n<li>Fermeture \u00e0 glissi\u00e8re Cam-lock<\/li>\n<li><span style=\"color: #e50477;\"><strong>Bandeau \u00e9lastique<\/strong><\/span> bas de cuissard avec silicone qui maintient le muscle<\/li>\n<li>Grande poche arri\u00e8re double a\u00e9r\u00e9es pour une <span style=\"color: #e50477;\"><strong>\u00e9vacuation de l\u2019eau facile et rapide<\/strong><\/span><\/li>\n<li>Peau de chamois 3D \u00e0 profil bas<\/li>\n<li>Personnalisable par sublimation sur le haut de la combinaison, sur les d\u00e9coupes du cuissard (cot\u00e9s, dos et bandes cuisses)<\/li>\n<\/ul>\n<h3>COMPOSITION DE LA COMBINAISON DE TRIATHLON SANS MANCHE :<\/h3>\n<ul>\n<li>Mati\u00e8re UNIE : 80% Polyamide 20% Elasthanne<\/li>\n<li>Mati\u00e8re principale Personnalisable : 80% Polyester 20% Elasthanne<\/li>\n<li>Mati\u00e8re a\u00e9r\u00e9e : 79% Polyester 21% Elasthanne<\/li>\n<\/ul>\n<h3>TAILLES DISPONIBLES :<\/h3>\n<p>XS &#8211; S &#8211; M &#8211; L &#8211; XL &#8211; 2XL<\/p>\n<h3>CONSEILS DE LAVAGE :<\/h3>\n<p><img loading=\"lazy\" decoding=\"async\" class=\"alignnone size-medium wp-image-143\" src=\"https:\/\/noisytriathlon.planethoster.world\/wp-content\/uploads\/2019\/11\/kyle_lavage_30_sans_fer-300x194.jpg\" alt=\"\" width=\"300\" height=\"194\" srcset=\"https:\/\/shop.noisytriathlon.com\/wp-content\/uploads\/2019\/11\/kyle_lavage_30_sans_fer-300x194.jpg 300w, https:\/\/shop.noisytriathlon.com\/wp-content\/uploads\/2019\/11\/kyle_lavage_30_sans_fer-768x496.jpg 768w, https:\/\/shop.noisytriathlon.com\/wp-content\/uploads\/2019\/11\/kyle_lavage_30_sans_fer-416x268.jpg 416w, https:\/\/shop.noisytriathlon.com\/wp-content\/uploads\/2019\/11\/kyle_lavage_30_sans_fer.jpg 792w\" sizes=\"auto, (max-width: 300px) 100vw, 300px\" \/><\/p>\n","protected":false},"excerpt":{"rendered":"<p>La <span style=\"color: #e50477;\"><strong>trifonction sans manche zip dos<\/strong><\/span>\u00a0pour <strong><span style=\"color: #e50477;\">homme<\/span><\/strong> a \u00e9t\u00e9 sp\u00e9cialement con\u00e7ue pour la pratique du triathlon. Cette trifonction allie <span style=\"color: #e50477;\"><strong>confort et efficacit\u00e9<\/strong><\/span>, gr\u00e2ce \u00e0 sa coupe, son <span style=\"color: #e50477;\"><strong>traitement DWR\u00ae<\/strong> <\/span>ainsi que l&rsquo;<span style=\"color: #e50477;\"><strong>\u00e9lasticit\u00e9 de sa mati\u00e8re\u00a0<\/strong><\/span>(Lycra 210gr). Son dos et sa poche arri\u00e8re a\u00e9r\u00e9e apportent plus de l\u00e9g\u00e8ret\u00e9 ainsi qu\u2019une une <span style=\"color: #e50477;\"><strong>\u00e9vacuation rapide et facile de l\u2019eau<\/strong><\/span>. Pl\u00e9biscit\u00e9 par de nombreux triathl\u00e8tes pour son <span style=\"color: #e50477;\"><strong>excellent rapport qualit\u00e9\/prix<\/strong><\/span>, cette combinaison de triathlon deviendra une <strong>v\u00e9ritable seconde peau<\/strong> dont vous ne pourrez plus vous passer apr\u00e8s l\u2019avoir personnalis\u00e9e.<\/p>\n<p><span style=\"color: #e50477;\"><strong>FLOCAGE OFFERT : merci d\u2019ajouter le texte du flocage dans le commentaire lors de la commande.<\/strong><\/span><\/p>\n","protected":false},"featured_media":4312,"comment_status":"open","ping_status":"closed","template":"","meta":{"_bbp_topic_count":0,"_bbp_reply_count":0,"_bbp_total_topic_count":0,"_bbp_total_reply_count":0,"_bbp_voice_count":0,"_bbp_anonymous_reply_count":0,"_bbp_topic_count_hidden":0,"_bbp_reply_count_hidden":0,"_bbp_forum_subforum_count":0},"product_brand":[],"product_cat":[27,17],"product_tag":[],"class_list":{"0":"post-4309","1":"product","2":"type-product","3":"status-publish","4":"has-post-thumbnail","6":"product_cat-homme","7":"product_cat-trifonction_homme","9":"first","10":"instock","11":"product-type-variable"},"jetpack_sharing_enabled":true,"_links":{"self":[{"href":"https:\/\/shop.noisytriathlon.com\/index.php?rest_route=\/wp\/v2\/product\/4309","targetHints":{"allow":["GET"]}}],"collection":[{"href":"https:\/\/shop.noisytriathlon.com\/index.php?rest_route=\/wp\/v2\/product"}],"about":[{"href":"https:\/\/shop.noisytriathlon.com\/index.php?rest_route=\/wp\/v2\/types\/product"}],"replies":[{"embeddable":true,"href":"https:\/\/shop.noisytriathlon.com\/index.php?rest_route=%2Fwp%2Fv2%2Fcomments&post=4309"}],"wp:featuredmedia":[{"embeddable":true,"href":"https:\/\/shop.noisytriathlon.com\/index.php?rest_route=\/wp\/v2\/media\/4312"}],"wp:attachment":[{"href":"https:\/\/shop.noisytriathlon.com\/index.php?rest_route=%2Fwp%2Fv2%2Fmedia&parent=4309"}],"wp:term":[{"taxonomy":"product_brand","embeddable":true,"href":"https:\/\/shop.noisytriathlon.com\/index.php?rest_route=%2Fwp%2Fv2%2Fproduct_brand&post=4309"},{"taxonomy":"product_cat","embeddable":true,"href":"https:\/\/shop.noisytriathlon.com\/index.php?rest_route=%2Fwp%2Fv2%2Fproduct_cat&post=4309"},{"taxonomy":"product_tag","embeddable":true,"href":"https:\/\/shop.noisytriathlon.com\/index.php?rest_route=%2Fwp%2Fv2%2Fproduct_tag&post=4309"}],"curies":[{"name":"wp","href":"https:\/\/api.w.org\/{rel}","templated":true}]}}