{"id":4315,"date":"2024-11-13T16:08:24","date_gmt":"2024-11-13T15:08:24","guid":{"rendered":"https:\/\/shop.noisytriathlon.com\/?post_type=product&#038;p=4315"},"modified":"2025-09-23T23:04:16","modified_gmt":"2025-09-23T21:04:16","slug":"trifonction-femme-sans-manche-club-copie","status":"publish","type":"product","link":"https:\/\/shop.noisytriathlon.com\/?product=trifonction-femme-sans-manche-club-copie","title":{"rendered":"Trifonction Junior sans manche Club"},"content":{"rendered":"<h2>\u00a0DESCRIPTIF TECHNIQUE DE LA COMBINAISON TRIFONCTION HUUB SANS MANCHE <span style=\"color: #e50477;\">JUNIOR<\/span>:<\/h2>\n<p>Marque HUUB<\/p>\n<p>Trifonction sans manches utilisant des tissus hydro dynamiques de haute qualit\u00e9. Cette combinaison a \u00e9t\u00e9 con\u00e7ue selon des sp\u00e9cifications similaires \u00e0 celles de la combinaison WTS pour adultes.<\/p>\n<ul>\n<li style=\"list-style-type: none;\">\n<ul>\n<li>Fermeture \u00e0 glissi\u00e8re Cam-lock<\/li>\n<li><span style=\"color: #e50477;\"><strong>Bandeau \u00e9lastique<\/strong><\/span> bas de cuissard avec silicone qui maintient le muscle<\/li>\n<li>Tissu enduit hydrodynamique test\u00e9 sur le syst\u00e8me M.A.D. de HUUB.<\/li>\n<li>Peau de chamois 3D \u00e0 profil bas<\/li>\n<li>Personnalisable par sublimation sur le haut de la combinaison, sur les d\u00e9coupes du cuissard (cot\u00e9s, dos et bandes cuisses)<\/li>\n<\/ul>\n<\/li>\n<\/ul>\n<h3>COMPOSITION DE LA COMBINAISON DE TRIATHLON SANS MANCHE :<\/h3>\n<ul>\n<li>Mati\u00e8re UNIE : 80% Polyamide 20% Elasthanne<\/li>\n<li>Mati\u00e8re principale Personnalisable : 80% Polyester 20% Elasthanne<\/li>\n<li>Mati\u00e8re a\u00e9r\u00e9e : 79% Polyester 21% Elasthanne<\/li>\n<\/ul>\n<h3>TAILLES DISPONIBLES :<\/h3>\n<p>XXS &#8211; XS &#8211; S &#8211; M &#8211; L &#8211; XL<\/p>\n<h3>CONSEILS DE LAVAGE :<\/h3>\n<p><img loading=\"lazy\" decoding=\"async\" class=\"alignnone size-medium wp-image-143\" src=\"https:\/\/noisytriathlon.planethoster.world\/wp-content\/uploads\/2019\/11\/kyle_lavage_30_sans_fer-300x194.jpg\" alt=\"\" width=\"300\" height=\"194\" srcset=\"https:\/\/shop.noisytriathlon.com\/wp-content\/uploads\/2019\/11\/kyle_lavage_30_sans_fer-300x194.jpg 300w, https:\/\/shop.noisytriathlon.com\/wp-content\/uploads\/2019\/11\/kyle_lavage_30_sans_fer-768x496.jpg 768w, https:\/\/shop.noisytriathlon.com\/wp-content\/uploads\/2019\/11\/kyle_lavage_30_sans_fer-416x268.jpg 416w, https:\/\/shop.noisytriathlon.com\/wp-content\/uploads\/2019\/11\/kyle_lavage_30_sans_fer.jpg 792w\" sizes=\"auto, (max-width: 300px) 100vw, 300px\" \/><\/p>\n","protected":false},"excerpt":{"rendered":"<p>La <span style=\"color: #e50477;\"><strong>trifonction sans manche zip dos<\/strong><\/span> pour les <strong><span style=\"color: #e50477;\">Junior<\/span><\/strong> a \u00e9t\u00e9 sp\u00e9cialement con\u00e7ue pour la pratique du triathlon. Cette trifonction allie <span style=\"color: #e50477;\"><strong>confort et efficacit\u00e9<\/strong><\/span>, gr\u00e2ce \u00e0 sa coupe, son <span style=\"color: #e50477;\"><strong>traitement DWR\u00ae<\/strong> <\/span>ainsi que l&rsquo;<span style=\"color: #e50477;\"><strong>\u00e9lasticit\u00e9 de sa mati\u00e8re\u00a0<\/strong><\/span>(Lycra 210gr). Son dos et sa poche arri\u00e8re a\u00e9r\u00e9e apportent plus de l\u00e9g\u00e8ret\u00e9 ainsi qu\u2019une une <span style=\"color: #e50477;\"><strong>\u00e9vacuation rapide et facile de l\u2019eau<\/strong><\/span>. Pl\u00e9biscit\u00e9 par de nombreux triathl\u00e8tes pour son <span style=\"color: #e50477;\"><strong>excellent rapport qualit\u00e9\/prix<\/strong><\/span>, cette combinaison de triathlon deviendra une <strong>v\u00e9ritable seconde peau<\/strong> dont vous ne pourrez plus vous passer apr\u00e8s l\u2019avoir personnalis\u00e9e.<\/p>\n<p><span style=\"color: #e50477;\"><strong>FLOCAGE OFFERT : merci d\u2019ajouter le texte du flocage dans le commentaire lors de la commande.<\/strong><\/span><\/p>\n","protected":false},"featured_media":4312,"comment_status":"open","ping_status":"closed","template":"","meta":{"_bbp_topic_count":0,"_bbp_reply_count":0,"_bbp_total_topic_count":0,"_bbp_total_reply_count":0,"_bbp_voice_count":0,"_bbp_anonymous_reply_count":0,"_bbp_topic_count_hidden":0,"_bbp_reply_count_hidden":0,"_bbp_forum_subforum_count":0},"product_brand":[],"product_cat":[29],"product_tag":[],"class_list":{"0":"post-4315","1":"product","2":"type-product","3":"status-publish","4":"has-post-thumbnail","6":"product_cat-enfant","8":"first","9":"instock","10":"product-type-variable"},"jetpack_sharing_enabled":true,"_links":{"self":[{"href":"https:\/\/shop.noisytriathlon.com\/index.php?rest_route=\/wp\/v2\/product\/4315","targetHints":{"allow":["GET"]}}],"collection":[{"href":"https:\/\/shop.noisytriathlon.com\/index.php?rest_route=\/wp\/v2\/product"}],"about":[{"href":"https:\/\/shop.noisytriathlon.com\/index.php?rest_route=\/wp\/v2\/types\/product"}],"replies":[{"embeddable":true,"href":"https:\/\/shop.noisytriathlon.com\/index.php?rest_route=%2Fwp%2Fv2%2Fcomments&post=4315"}],"wp:featuredmedia":[{"embeddable":true,"href":"https:\/\/shop.noisytriathlon.com\/index.php?rest_route=\/wp\/v2\/media\/4312"}],"wp:attachment":[{"href":"https:\/\/shop.noisytriathlon.com\/index.php?rest_route=%2Fwp%2Fv2%2Fmedia&parent=4315"}],"wp:term":[{"taxonomy":"product_brand","embeddable":true,"href":"https:\/\/shop.noisytriathlon.com\/index.php?rest_route=%2Fwp%2Fv2%2Fproduct_brand&post=4315"},{"taxonomy":"product_cat","embeddable":true,"href":"https:\/\/shop.noisytriathlon.com\/index.php?rest_route=%2Fwp%2Fv2%2Fproduct_cat&post=4315"},{"taxonomy":"product_tag","embeddable":true,"href":"https:\/\/shop.noisytriathlon.com\/index.php?rest_route=%2Fwp%2Fv2%2Fproduct_tag&post=4315"}],"curies":[{"name":"wp","href":"https:\/\/api.w.org\/{rel}","templated":true}]}}