{"id":4317,"date":"2024-11-13T16:25:54","date_gmt":"2024-11-13T15:25:54","guid":{"rendered":"https:\/\/shop.noisytriathlon.com\/?post_type=product&#038;p=4317"},"modified":"2024-11-16T13:00:49","modified_gmt":"2024-11-16T12:00:49","slug":"trifonction-homme-avec-manche-club-aero","status":"publish","type":"product","link":"https:\/\/shop.noisytriathlon.com\/?product=trifonction-homme-avec-manche-club-aero","title":{"rendered":"Trifonction Homme avec manche Club A\u00e9ro"},"content":{"rendered":"<h2>DESCRIPTIF TECHNIQUE DE LA COMBINAISON TRIFONCTION HUUB AVEC MANCHE <span style=\"color: #e50477;\">HOMME<\/span>:<\/h2>\n<p>Marque HUUB<\/p>\n<p>La trifonction b\u00e9n\u00e9ficie des derni\u00e8res recherches a\u00e9rodynamiques de HUUB et les tissus ont \u00e9t\u00e9 s\u00e9lectionn\u00e9s pour maximiser les performances en course. La combinaison est \u00e9galement dot\u00e9e de poches a\u00e9rodynamiques \u00e0 l&rsquo;arri\u00e8re, suffisamment grandes pour contenir les aliments et les \u00e9l\u00e9ments essentiels \u00e0 la course. Le rembourrage de la peau de chamois a \u00e9t\u00e9 d\u00e9velopp\u00e9 au fil des ans et offre un amorti l\u00e0 o\u00f9 c&rsquo;est n\u00e9cessaire sur le v\u00e9lo, tout en restant minimal pour ne pas vous encombrer lorsque vous courez. La combinaison a une coupe performante qui s\u2019ajoute aux qualit\u00e9s a\u00e9rodynamiques. Bandes pinces en silicone pour un maintient parfait.<\/p>\n<ul>\n<li>Combinaison <span style=\"color: #e50477;\"><strong>homme<\/strong><\/span> avec manches pour le triathlon<\/li>\n<li>Coupe <span style=\"color: #e50477;\"><strong>pr\u00e8s du corps<\/strong><\/span> \u00e9pousant parfaitement la morphologie du corps<\/li>\n<li>Base unie du cuissard \/ technologie <span style=\"color: #e50477;\"><strong>Lycra Sport\u00ae 210gr<\/strong><\/span> : maille Polyamide Elasthanne<span style=\"color: #e50477;\"><strong> l\u00e9g\u00e8re mais r\u00e9sistante, extensible et respirante<\/strong><\/span><\/li>\n<li>Devant, dos et c\u00f4t\u00e9s du cuissard \/ <span style=\"color: #e50477;\"><strong>Technologie XTENS avec traitement hydrofuge DWR\u00ae<\/strong><\/span> : maille polyester\/\u00e9lasthanne 220g<\/li>\n<li><span style=\"color: #e50477;\"><strong>Bandeau \u00e9lastique<\/strong><\/span> bas de cuissard avec silicone qui maintient le muscle<\/li>\n<li>Finitions Biais lycra aux emmanchures et encolure en colletage uni (plusieurs coloris au choix)<\/li>\n<li>Tissus a\u00e9rodynamiques performants<\/li>\n<li>Ouverture du zip devant jusqu\u2019au nombril<\/li>\n<li>Poches arri\u00e8re a\u00e9rodynamiques<\/li>\n<li>Personnalisable par sublimation sur le haut de la combinaison, sur les d\u00e9coupes du cuissard (cot\u00e9s, dos et bandes cuisses)<\/li>\n<\/ul>\n<h3>COMPOSITION DE LA COMBINAISON DE TRIATHLON AVEC MANCHE :<\/h3>\n<ul>\n<li>Mati\u00e8re UNIE : 80% Polyamide 20% Elasthanne<\/li>\n<li>Mati\u00e8re principale Personnalisable : 80% Polyester 20% Elasthanne<\/li>\n<li>Mati\u00e8re a\u00e9r\u00e9e : 79% Polyester 21% Elasthanne<\/li>\n<\/ul>\n<h3>TAILLES DISPONIBLES :<\/h3>\n<p>XS &#8211; S &#8211; M &#8211; L &#8211; XL &#8211; 2XL<\/p>\n<h3>CONSEILS DE LAVAGE :<\/h3>\n<p><img loading=\"lazy\" decoding=\"async\" class=\"alignnone size-medium wp-image-143\" src=\"https:\/\/noisytriathlon.planethoster.world\/wp-content\/uploads\/2019\/11\/kyle_lavage_30_sans_fer-300x194.jpg\" alt=\"\" width=\"300\" height=\"194\" srcset=\"https:\/\/shop.noisytriathlon.com\/wp-content\/uploads\/2019\/11\/kyle_lavage_30_sans_fer-300x194.jpg 300w, https:\/\/shop.noisytriathlon.com\/wp-content\/uploads\/2019\/11\/kyle_lavage_30_sans_fer-768x496.jpg 768w, https:\/\/shop.noisytriathlon.com\/wp-content\/uploads\/2019\/11\/kyle_lavage_30_sans_fer-416x268.jpg 416w, https:\/\/shop.noisytriathlon.com\/wp-content\/uploads\/2019\/11\/kyle_lavage_30_sans_fer.jpg 792w\" sizes=\"auto, (max-width: 300px) 100vw, 300px\" \/><\/p>\n","protected":false},"excerpt":{"rendered":"<p>La <span style=\"color: #e50477;\"><strong>trifonction avec manche zip avant<\/strong><\/span>\u00a0pour <strong><span style=\"color: #e50477;\">homme<\/span><\/strong> a \u00e9t\u00e9 sp\u00e9cialement con\u00e7ue pour la pratique du triathlon. Cette trifonction allie <span style=\"color: #e50477;\"><strong>confort et efficacit\u00e9<\/strong><\/span>, gr\u00e2ce \u00e0 sa coupe, son <span style=\"color: #e50477;\"><strong>traitement DWR\u00ae<\/strong> <\/span>ainsi que l&rsquo;<span style=\"color: #e50477;\"><strong>\u00e9lasticit\u00e9 de sa mati\u00e8re\u00a0<\/strong><\/span>(Lycra 210gr). Son dos et sa poche arri\u00e8re a\u00e9r\u00e9e apportent plus de l\u00e9g\u00e8ret\u00e9 ainsi qu\u2019une une <span style=\"color: #e50477;\"><strong>\u00e9vacuation rapide et facile de l\u2019eau<\/strong><\/span>. Pl\u00e9biscit\u00e9 par de nombreux triathl\u00e8tes pour son <span style=\"color: #e50477;\"><strong>excellent rapport qualit\u00e9\/prix<\/strong><\/span>, cette combinaison de triathlon deviendra une <strong>v\u00e9ritable seconde peau<\/strong> dont vous ne pourrez plus vous passer apr\u00e8s l\u2019avoir personnalis\u00e9e.<\/p>\n<p><span style=\"color: #e50477;\"><strong>FLOCAGE OFFERT : merci d\u2019ajouter le texte du flocage dans le commentaire lors de la commande.<\/strong><\/span><\/p>\n","protected":false},"featured_media":4319,"comment_status":"open","ping_status":"closed","template":"","meta":{"_bbp_topic_count":0,"_bbp_reply_count":0,"_bbp_total_topic_count":0,"_bbp_total_reply_count":0,"_bbp_voice_count":0,"_bbp_anonymous_reply_count":0,"_bbp_topic_count_hidden":0,"_bbp_reply_count_hidden":0,"_bbp_forum_subforum_count":0},"product_brand":[],"product_cat":[27,17],"product_tag":[],"class_list":{"0":"post-4317","1":"product","2":"type-product","3":"status-publish","4":"has-post-thumbnail","6":"product_cat-homme","7":"product_cat-trifonction_homme","9":"first","10":"instock","11":"product-type-variable"},"jetpack_sharing_enabled":true,"_links":{"self":[{"href":"https:\/\/shop.noisytriathlon.com\/index.php?rest_route=\/wp\/v2\/product\/4317","targetHints":{"allow":["GET"]}}],"collection":[{"href":"https:\/\/shop.noisytriathlon.com\/index.php?rest_route=\/wp\/v2\/product"}],"about":[{"href":"https:\/\/shop.noisytriathlon.com\/index.php?rest_route=\/wp\/v2\/types\/product"}],"replies":[{"embeddable":true,"href":"https:\/\/shop.noisytriathlon.com\/index.php?rest_route=%2Fwp%2Fv2%2Fcomments&post=4317"}],"wp:featuredmedia":[{"embeddable":true,"href":"https:\/\/shop.noisytriathlon.com\/index.php?rest_route=\/wp\/v2\/media\/4319"}],"wp:attachment":[{"href":"https:\/\/shop.noisytriathlon.com\/index.php?rest_route=%2Fwp%2Fv2%2Fmedia&parent=4317"}],"wp:term":[{"taxonomy":"product_brand","embeddable":true,"href":"https:\/\/shop.noisytriathlon.com\/index.php?rest_route=%2Fwp%2Fv2%2Fproduct_brand&post=4317"},{"taxonomy":"product_cat","embeddable":true,"href":"https:\/\/shop.noisytriathlon.com\/index.php?rest_route=%2Fwp%2Fv2%2Fproduct_cat&post=4317"},{"taxonomy":"product_tag","embeddable":true,"href":"https:\/\/shop.noisytriathlon.com\/index.php?rest_route=%2Fwp%2Fv2%2Fproduct_tag&post=4317"}],"curies":[{"name":"wp","href":"https:\/\/api.w.org\/{rel}","templated":true}]}}