{"id":4348,"date":"2024-11-13T17:10:51","date_gmt":"2024-11-13T16:10:51","guid":{"rendered":"https:\/\/shop.noisytriathlon.com\/?post_type=product&#038;p=4348"},"modified":"2025-09-23T23:03:38","modified_gmt":"2025-09-23T21:03:38","slug":"cuissard-junior-club-copie","status":"publish","type":"product","link":"https:\/\/shop.noisytriathlon.com\/?product=cuissard-junior-club-copie","title":{"rendered":"Cuissard Junior Club"},"content":{"rendered":"<h2>DESCRIPTIF TECHNIQUE DU CUISSARD DE CYCLISME CLUB <span style=\"color: #e50477;\">JUNIOR<\/span>\u00a0:<\/h2>\n<p>Nos cuissards \u00e0 coupe anatomique \u00e0 6 panneaux assurent un ajustement personnalis\u00e9 quelle que soit votre morphologie, avec moins de pression et plus de confort. Il est dot\u00e9 de larges bandes \u00e9lastiques qui le maintiennent confortablement en place.<\/p>\n<ul>\n<li style=\"list-style-type: none;\">\n<ul>\n<li>Peau de chamois 3D exclusive de HUUB avec gestion de l&rsquo;humidit\u00e9, mousse haute densit\u00e9.<\/li>\n<li>\u00c9lastique de bas de jambe large<\/li>\n<li>Tissus extensibles dans les quatre sens pour un ajustement optimal.<\/li>\n<li>Bretelles \u00e9lastiques avec dos en mesh<\/li>\n<li>Partie grise 100% personnalisable dans la partie noire (choix de couleurs limit\u00e9s pour la partie noire)<\/li>\n<\/ul>\n<\/li>\n<\/ul>\n<h3>COMPOSITION DU CUISSARD DE VELO :<\/h3>\n<ul>\n<li>Fond uni 210g XTENS\u00ae : 80% Polyamide 20% Elasthanne<\/li>\n<li>Parties sublim\u00e9es 240g XTENS\u00aeBPI : 80% Polyester 20% Elasthanne<\/li>\n<li>Bretelles a\u00e9r\u00e9es : 75% Polyamide 25% Elasthanne<\/li>\n<\/ul>\n<h3>TAILLES DISPONIBLES :<\/h3>\n<p>Enfant : 2XS &#8211; XS &#8211; S &#8211; M &#8211; L &#8211; XL<\/p>\n<h3>CONSEILS DE LAVAGE :<\/h3>\n<p><img loading=\"lazy\" decoding=\"async\" class=\"alignnone size-medium wp-image-143\" src=\"https:\/\/noisytriathlon.planethoster.world\/wp-content\/uploads\/2019\/11\/kyle_lavage_30_sans_fer-300x194.jpg\" alt=\"\" width=\"300\" height=\"194\" srcset=\"https:\/\/shop.noisytriathlon.com\/wp-content\/uploads\/2019\/11\/kyle_lavage_30_sans_fer-300x194.jpg 300w, https:\/\/shop.noisytriathlon.com\/wp-content\/uploads\/2019\/11\/kyle_lavage_30_sans_fer-768x496.jpg 768w, https:\/\/shop.noisytriathlon.com\/wp-content\/uploads\/2019\/11\/kyle_lavage_30_sans_fer-416x268.jpg 416w, https:\/\/shop.noisytriathlon.com\/wp-content\/uploads\/2019\/11\/kyle_lavage_30_sans_fer.jpg 792w\" sizes=\"auto, (max-width: 300px) 100vw, 300px\" \/><\/p>\n<p>&nbsp;<\/p>\n","protected":false},"excerpt":{"rendered":"<h4><strong><span style=\"color: #e50477;\">Visuel non contractuel (Cuissard aux couleurs et logo du club)<\/span><\/strong><\/h4>\n<hr \/>\n<p>Le cuissard de cyclisme club, de la gamme COURSE, est <span style=\"color: #e50477;\"><strong>id\u00e9al pour l\u2019\u00e9t\u00e9<\/strong><\/span>. Sa conception en <span style=\"color: #e50477;\"><strong>coutures plates<\/strong><\/span> et <span style=\"color: #e50477;\"><strong>sans couture \u00e0 l\u2019entrejambe<\/strong><\/span> favorise le <span style=\"color: #e50477;\"><strong>confort<\/strong><\/span>. En maille <span style=\"color: #e50477;\"><strong>Technologie XTENS\u00ae<\/strong><\/span>\u00a0extensible, l\u00e9g\u00e8re et respirante, ce cuissard v\u00e9lo propose un <span style=\"color: #e50477;\"><strong>bon maintien musculaire<\/strong><\/span> accentu\u00e9 par sa d\u00e9coupe avant et sa large bande\u00a0<span style=\"color: #e50477;\"><strong>antiglisse avec silicone<\/strong><\/span> aux cuisses.<\/p>\n<p><span style=\"color: #e50477;\"><strong>FLOCAGE OFFERT : Merci d\u2019ajouter le texte du flocage dans le commentaire lors de la commande.<\/strong><\/span><\/p>\n","protected":false},"featured_media":4332,"comment_status":"open","ping_status":"closed","template":"","meta":{"_bbp_topic_count":0,"_bbp_reply_count":0,"_bbp_total_topic_count":0,"_bbp_total_reply_count":0,"_bbp_voice_count":0,"_bbp_anonymous_reply_count":0,"_bbp_topic_count_hidden":0,"_bbp_reply_count_hidden":0,"_bbp_forum_subforum_count":0},"product_brand":[],"product_cat":[29],"product_tag":[],"class_list":{"0":"post-4348","1":"product","2":"type-product","3":"status-publish","4":"has-post-thumbnail","6":"product_cat-enfant","8":"first","9":"instock","10":"featured","11":"shipping-taxable","12":"product-type-variable"},"jetpack_sharing_enabled":true,"_links":{"self":[{"href":"https:\/\/shop.noisytriathlon.com\/index.php?rest_route=\/wp\/v2\/product\/4348","targetHints":{"allow":["GET"]}}],"collection":[{"href":"https:\/\/shop.noisytriathlon.com\/index.php?rest_route=\/wp\/v2\/product"}],"about":[{"href":"https:\/\/shop.noisytriathlon.com\/index.php?rest_route=\/wp\/v2\/types\/product"}],"replies":[{"embeddable":true,"href":"https:\/\/shop.noisytriathlon.com\/index.php?rest_route=%2Fwp%2Fv2%2Fcomments&post=4348"}],"wp:featuredmedia":[{"embeddable":true,"href":"https:\/\/shop.noisytriathlon.com\/index.php?rest_route=\/wp\/v2\/media\/4332"}],"wp:attachment":[{"href":"https:\/\/shop.noisytriathlon.com\/index.php?rest_route=%2Fwp%2Fv2%2Fmedia&parent=4348"}],"wp:term":[{"taxonomy":"product_brand","embeddable":true,"href":"https:\/\/shop.noisytriathlon.com\/index.php?rest_route=%2Fwp%2Fv2%2Fproduct_brand&post=4348"},{"taxonomy":"product_cat","embeddable":true,"href":"https:\/\/shop.noisytriathlon.com\/index.php?rest_route=%2Fwp%2Fv2%2Fproduct_cat&post=4348"},{"taxonomy":"product_tag","embeddable":true,"href":"https:\/\/shop.noisytriathlon.com\/index.php?rest_route=%2Fwp%2Fv2%2Fproduct_tag&post=4348"}],"curies":[{"name":"wp","href":"https:\/\/api.w.org\/{rel}","templated":true}]}}