{"id":4358,"date":"2024-11-13T17:24:32","date_gmt":"2024-11-13T16:24:32","guid":{"rendered":"https:\/\/shop.noisytriathlon.com\/?post_type=product&#038;p=4358"},"modified":"2025-09-23T23:02:53","modified_gmt":"2025-09-23T21:02:53","slug":"maillot-junior-manche-courte-club","status":"publish","type":"product","link":"https:\/\/shop.noisytriathlon.com\/?product=maillot-junior-manche-courte-club","title":{"rendered":"Maillot Junior manche courte Club"},"content":{"rendered":"<h2>DESCRIPTIF TECHNIQUE DU MAILLOT CYCLISTE <span style=\"color: #e50477;\">JUNIOR<\/span>:<\/h2>\n<p>Marque HUUB<\/p>\n<p>Le maillot \u00e0 manches courtes Club est fabriqu\u00e9 \u00e0 partir de tissus l\u00e9gers et respirants, avec une coupe confortable et classique.<\/p>\n<ul>\n<li style=\"list-style-type: none;\">\n<ul>\n<li>Fermeture \u00e9clair HUUB Cam-Lock sur toute la longueur.<\/li>\n<li>Panneaux en maille l\u00e9g\u00e8re et respirante sous les bras.<\/li>\n<li>Tissu l\u00e9ger et confortable.<\/li>\n<li>Coupe classique.<\/li>\n<\/ul>\n<\/li>\n<\/ul>\n<h3>COMPOSITION DU MAILLOT DE VELO MANCHES COURTES :<\/h3>\n<ul>\n<li>Mati\u00e8re principale 85 % Polyester 15% Elasthanne<\/li>\n<li>Mati\u00e8re secondaire (c\u00f4t\u00e9s, manches et col)\u00a085 % Polyester 15% Elasthanne<\/li>\n<\/ul>\n<h3>TAILLES DISPONIBLES :<\/h3>\n<ul>\n<li>2XS &#8211; XS &#8211; S &#8211; M &#8211; L &#8211; XL<\/li>\n<\/ul>\n<h3>CONSEILS DE LAVAGE :<\/h3>\n<p><img loading=\"lazy\" decoding=\"async\" class=\"alignnone size-medium wp-image-143\" src=\"https:\/\/noisytriathlon.planethoster.world\/wp-content\/uploads\/2019\/11\/kyle_lavage_30_sans_fer-300x194.jpg\" alt=\"\" width=\"300\" height=\"194\" srcset=\"https:\/\/shop.noisytriathlon.com\/wp-content\/uploads\/2019\/11\/kyle_lavage_30_sans_fer-300x194.jpg 300w, https:\/\/shop.noisytriathlon.com\/wp-content\/uploads\/2019\/11\/kyle_lavage_30_sans_fer-768x496.jpg 768w, https:\/\/shop.noisytriathlon.com\/wp-content\/uploads\/2019\/11\/kyle_lavage_30_sans_fer-416x268.jpg 416w, https:\/\/shop.noisytriathlon.com\/wp-content\/uploads\/2019\/11\/kyle_lavage_30_sans_fer.jpg 792w\" sizes=\"auto, (max-width: 300px) 100vw, 300px\" \/><\/p>\n","protected":false},"excerpt":{"rendered":"<p>Le maillot cycliste pour <strong>junior<\/strong>\u00a0de la<strong> gamme CLUB<\/strong>\u00a0\u00e9pouse parfaitement votre morphologie et offre un <strong>confort exceptionnel<\/strong>. Avec sa maille a\u00e9r\u00e9e et ses <strong>manches courtes coup\u00e9es bords francs avec picots de silicone<\/strong>, il vous assure un <strong>excellent maintien<\/strong> et une <strong>bonne \u00e9vacuation de la transpiration<\/strong> pendant l&rsquo;effort. Ce maillot mixant 2 jacquards pour plus d\u2019\u00e9l\u00e9gance, <strong>enti\u00e8rement personnalisable<\/strong>, a \u00e9t\u00e9 d\u00e9velopp\u00e9 et test\u00e9 avec des coureurs cyclistes professionnels sur route et convient \u00e9galement pour la pratique du roller.<\/p>\n<p><span style=\"color: #e50477;\"><strong>FLOCAGE OFFERT : Merci d\u2019ajouter le texte du flocage dans le commentaire lors de la commande.<\/strong><\/span><\/p>\n","protected":false},"featured_media":4354,"comment_status":"open","ping_status":"closed","template":"","meta":{"_bbp_topic_count":0,"_bbp_reply_count":0,"_bbp_total_topic_count":0,"_bbp_total_reply_count":0,"_bbp_voice_count":0,"_bbp_anonymous_reply_count":0,"_bbp_topic_count_hidden":0,"_bbp_reply_count_hidden":0,"_bbp_forum_subforum_count":0},"product_brand":[],"product_cat":[29],"product_tag":[],"class_list":{"0":"post-4358","1":"product","2":"type-product","3":"status-publish","4":"has-post-thumbnail","6":"product_cat-enfant","8":"first","9":"instock","10":"product-type-variable"},"jetpack_sharing_enabled":true,"_links":{"self":[{"href":"https:\/\/shop.noisytriathlon.com\/index.php?rest_route=\/wp\/v2\/product\/4358","targetHints":{"allow":["GET"]}}],"collection":[{"href":"https:\/\/shop.noisytriathlon.com\/index.php?rest_route=\/wp\/v2\/product"}],"about":[{"href":"https:\/\/shop.noisytriathlon.com\/index.php?rest_route=\/wp\/v2\/types\/product"}],"replies":[{"embeddable":true,"href":"https:\/\/shop.noisytriathlon.com\/index.php?rest_route=%2Fwp%2Fv2%2Fcomments&post=4358"}],"wp:featuredmedia":[{"embeddable":true,"href":"https:\/\/shop.noisytriathlon.com\/index.php?rest_route=\/wp\/v2\/media\/4354"}],"wp:attachment":[{"href":"https:\/\/shop.noisytriathlon.com\/index.php?rest_route=%2Fwp%2Fv2%2Fmedia&parent=4358"}],"wp:term":[{"taxonomy":"product_brand","embeddable":true,"href":"https:\/\/shop.noisytriathlon.com\/index.php?rest_route=%2Fwp%2Fv2%2Fproduct_brand&post=4358"},{"taxonomy":"product_cat","embeddable":true,"href":"https:\/\/shop.noisytriathlon.com\/index.php?rest_route=%2Fwp%2Fv2%2Fproduct_cat&post=4358"},{"taxonomy":"product_tag","embeddable":true,"href":"https:\/\/shop.noisytriathlon.com\/index.php?rest_route=%2Fwp%2Fv2%2Fproduct_tag&post=4358"}],"curies":[{"name":"wp","href":"https:\/\/api.w.org\/{rel}","templated":true}]}}