{"id":4360,"date":"2024-11-13T17:28:42","date_gmt":"2024-11-13T16:28:42","guid":{"rendered":"https:\/\/shop.noisytriathlon.com\/?post_type=product&#038;p=4360"},"modified":"2024-11-16T13:25:34","modified_gmt":"2024-11-16T12:25:34","slug":"maillot-homme-manche-longue-thermal-club","status":"publish","type":"product","link":"https:\/\/shop.noisytriathlon.com\/?product=maillot-homme-manche-longue-thermal-club","title":{"rendered":"Maillot Homme manche longue thermal Club"},"content":{"rendered":"<h2>DESCRIPTIF TECHNIQUE DU MAILLOT DE CYCLISME MANCHE LONGUE THERMAL :<\/h2>\n<p>Maillot demi-saison. Tissus a\u00e9rodynamiques. \u00c9vacuation de la transpiration. Tissus thermiques, bross\u00e9s et respirants italiens. La bande en silicone au niveau de la taille permet \u00e0 un meilleur maintient du maillot.<\/p>\n<p>&nbsp;<\/p>\n<ul>\n<li>Chaud et respirant<\/li>\n<li>3 poches arri\u00e8re renforc\u00e9es + 1 poche \u00e9tanche zip\u00e9e.<\/li>\n<li>Bordure arri\u00e8re r\u00e9fl\u00e9chissante.<\/li>\n<li>Fermeture \u00e0 glissi\u00e8re rapide et verrouillable.<\/li>\n<li>Bande en silicone au niveau de la taille pour un ajustement performant.<\/li>\n<li>Protection au niveau des poignets contre les intemp\u00e9ries.<\/li>\n<\/ul>\n<h3>COMPOSITION DU MAILLOT DE VELO MANCHES LONGUES :<\/h3>\n<p>86 % Polyester, 14% Elasthanne<\/p>\n<h3>TAILLES DISPONIBLES :<\/h3>\n<ul>\n<li>Adulte : XS &#8211; S &#8211; M &#8211; L &#8211; XL &#8211; 2XL<\/li>\n<\/ul>\n<h3>CONSEILS DE LAVAGE :<\/h3>\n<p><img loading=\"lazy\" decoding=\"async\" src=\"https:\/\/www.poli.fr\/img\/cms\/lavage_30_fer.jpg\" alt=\"conseils de lavage\" width=\"300\" height=\"194\" \/><\/p>\n","protected":false},"excerpt":{"rendered":"<p><span style=\"color: #e50477;\"><strong>Attention visuel non contractuel, v\u00eatement avec les logos et couleur du club en cours de maquettage.<\/strong><\/span><\/p>\n<p>Le maillot v\u00e9lo thermal club manches longues, de la gamme COURSE, a \u00e9t\u00e9 con\u00e7u pour tous les cyclistes qui font passer <span style=\"color: #e50477;\"><strong>le confort et la performance sportive<\/strong><\/span> en priorit\u00e9. Sa maille <span style=\"color: #e50477;\"><strong>SoftDry\u00ae<\/strong><\/span> extensible avec <span style=\"color: #e50477;\"><strong>traitement hydrophobe<\/strong><\/span> et sa <span style=\"color: #e50477;\"><strong>coupe ajust\u00e9e<\/strong><\/span> maintiennent une excellente a\u00e9ration pour <span style=\"color: #e50477;\"><strong>r\u00e9guler la transpiration<\/strong><\/span>. Ce maillot de cyclisme, parfaite alliance entre confort et technicit\u00e9 est \u00e9galement tr\u00e8s appr\u00e9ci\u00e9 pour la pratique du roller.<\/p>\n<p><span style=\"color: #e50477;\"><strong>FLOCAGE OFFERT : Merci d&rsquo;ajouter le texte du flocage dans le commentaire lors de la commande.<\/strong><\/span><\/p>\n","protected":false},"featured_media":4362,"comment_status":"open","ping_status":"closed","template":"","meta":{"_bbp_topic_count":0,"_bbp_reply_count":0,"_bbp_total_topic_count":0,"_bbp_total_reply_count":0,"_bbp_voice_count":0,"_bbp_anonymous_reply_count":0,"_bbp_topic_count_hidden":0,"_bbp_reply_count_hidden":0,"_bbp_forum_subforum_count":0},"product_brand":[],"product_cat":[27,15],"product_tag":[],"class_list":{"0":"post-4360","1":"product","2":"type-product","3":"status-publish","4":"has-post-thumbnail","6":"product_cat-homme","7":"product_cat-cycliste_homme","9":"first","10":"instock","11":"shipping-taxable","12":"product-type-variable"},"jetpack_sharing_enabled":true,"_links":{"self":[{"href":"https:\/\/shop.noisytriathlon.com\/index.php?rest_route=\/wp\/v2\/product\/4360","targetHints":{"allow":["GET"]}}],"collection":[{"href":"https:\/\/shop.noisytriathlon.com\/index.php?rest_route=\/wp\/v2\/product"}],"about":[{"href":"https:\/\/shop.noisytriathlon.com\/index.php?rest_route=\/wp\/v2\/types\/product"}],"replies":[{"embeddable":true,"href":"https:\/\/shop.noisytriathlon.com\/index.php?rest_route=%2Fwp%2Fv2%2Fcomments&post=4360"}],"wp:featuredmedia":[{"embeddable":true,"href":"https:\/\/shop.noisytriathlon.com\/index.php?rest_route=\/wp\/v2\/media\/4362"}],"wp:attachment":[{"href":"https:\/\/shop.noisytriathlon.com\/index.php?rest_route=%2Fwp%2Fv2%2Fmedia&parent=4360"}],"wp:term":[{"taxonomy":"product_brand","embeddable":true,"href":"https:\/\/shop.noisytriathlon.com\/index.php?rest_route=%2Fwp%2Fv2%2Fproduct_brand&post=4360"},{"taxonomy":"product_cat","embeddable":true,"href":"https:\/\/shop.noisytriathlon.com\/index.php?rest_route=%2Fwp%2Fv2%2Fproduct_cat&post=4360"},{"taxonomy":"product_tag","embeddable":true,"href":"https:\/\/shop.noisytriathlon.com\/index.php?rest_route=%2Fwp%2Fv2%2Fproduct_tag&post=4360"}],"curies":[{"name":"wp","href":"https:\/\/api.w.org\/{rel}","templated":true}]}}