{"id":4378,"date":"2024-11-13T17:51:41","date_gmt":"2024-11-13T16:51:41","guid":{"rendered":"https:\/\/shop.noisytriathlon.com\/?post_type=product&#038;p=4378"},"modified":"2024-11-16T17:20:25","modified_gmt":"2024-11-16T16:20:25","slug":"debardeur-running-homme-pro-tech","status":"publish","type":"product","link":"https:\/\/shop.noisytriathlon.com\/?product=debardeur-running-homme-pro-tech","title":{"rendered":"D\u00e9bardeur Running Homme Pro Tech"},"content":{"rendered":"<div class=\"page\" title=\"Page 2\">\n<div class=\"layoutArea\">\n<div class=\"column\">\n<div class=\"page\" title=\"Page 2\">\n<div class=\"layoutArea\">\n<div class=\"column\">\n<h2>DESCRIPTIF TECHNIQUE DU DEBARDEUR DE RUNNING <span style=\"color: #e50477;\">HOMME<\/span><\/h2>\n<p>Marque HUUB<\/p>\n<p>Un d\u00e9bardeur technique, super l\u00e9ger con\u00e7u pour l&rsquo;entra\u00eenement et la course. Le tissu respirant s\u00e8che rapidement et aide \u00e0 \u00e9vacuer la chaleur du corps. Le tissu souple offre \u00e9galement une coupe confortable qui minimise les irritations dues aux frottements.<\/p>\n<ul>\n<li>Coupe confortable et souple pour \u00e9viter les irritations<\/li>\n<li>Coupe ergonomique pour la course \u00e0 pied<\/li>\n<li>Conception simpliste pour une sensation minimale<\/li>\n<li>100% personnalisable<\/li>\n<\/ul>\n<h3>COMPOSITION DU TEE-SHIRT<\/h3>\n<p>100% Polyester<\/p>\n<h3>TAILLES DISPONIBLES<\/h3>\n<p>XS &#8211; S &#8211; M &#8211; L &#8211; XL &#8211; 2XL<\/p>\n<h3>CONSEILS DE LAVAGE<\/h3>\n<p><img loading=\"lazy\" decoding=\"async\" class=\"alignnone size-medium wp-image-143\" src=\"https:\/\/noisytriathlon.planethoster.world\/wp-content\/uploads\/2019\/11\/kyle_lavage_30_sans_fer-300x194.jpg\" alt=\"\" width=\"300\" height=\"194\" srcset=\"https:\/\/shop.noisytriathlon.com\/wp-content\/uploads\/2019\/11\/kyle_lavage_30_sans_fer-300x194.jpg 300w, https:\/\/shop.noisytriathlon.com\/wp-content\/uploads\/2019\/11\/kyle_lavage_30_sans_fer-768x496.jpg 768w, https:\/\/shop.noisytriathlon.com\/wp-content\/uploads\/2019\/11\/kyle_lavage_30_sans_fer-416x268.jpg 416w, https:\/\/shop.noisytriathlon.com\/wp-content\/uploads\/2019\/11\/kyle_lavage_30_sans_fer.jpg 792w\" sizes=\"auto, (max-width: 300px) 100vw, 300px\" \/><\/p>\n<\/div>\n<\/div>\n<\/div>\n<\/div>\n<\/div>\n<\/div>\n","protected":false},"excerpt":{"rendered":"<p>Le d\u00e9bardeur de running \u00a0Pro Tech pour <strong><span style=\"color: #e50477;\">homme<\/span><\/strong>, vous apportera tout le<span style=\"color: #e50477;\"><strong> confort<\/strong><\/span> et la <span style=\"color: #e50477;\"><strong>technicit\u00e9<\/strong><\/span> n\u00e9cessaire pour la pratique de votre sport. Sa maille <span style=\"color: #e50477;\"><strong>MICROfresh\u00ae<\/strong><\/span> l\u00e9g\u00e8re et micro perfor\u00e9e permet de bien <span style=\"color: #e50477;\"><strong>\u00e9vacuer la transpiration<\/strong><\/span> pendant l\u2019effort.<\/p>\n<p><span style=\"color: #e50477;\"><strong>FLOCAGE OFFERT : Merci d\u2019ajouter le texte du flocage dans le commentaire lors de la commande.<\/strong><\/span><\/p>\n","protected":false},"featured_media":4380,"comment_status":"open","ping_status":"closed","template":"","meta":{"_bbp_topic_count":0,"_bbp_reply_count":0,"_bbp_total_topic_count":0,"_bbp_total_reply_count":0,"_bbp_voice_count":0,"_bbp_anonymous_reply_count":0,"_bbp_topic_count_hidden":0,"_bbp_reply_count_hidden":0,"_bbp_forum_subforum_count":0},"product_brand":[],"product_cat":[27,18],"product_tag":[],"class_list":{"0":"post-4378","1":"product","2":"type-product","3":"status-publish","4":"has-post-thumbnail","6":"product_cat-homme","7":"product_cat-athle_homme","9":"first","10":"instock","11":"product-type-variable"},"jetpack_sharing_enabled":true,"_links":{"self":[{"href":"https:\/\/shop.noisytriathlon.com\/index.php?rest_route=\/wp\/v2\/product\/4378","targetHints":{"allow":["GET"]}}],"collection":[{"href":"https:\/\/shop.noisytriathlon.com\/index.php?rest_route=\/wp\/v2\/product"}],"about":[{"href":"https:\/\/shop.noisytriathlon.com\/index.php?rest_route=\/wp\/v2\/types\/product"}],"replies":[{"embeddable":true,"href":"https:\/\/shop.noisytriathlon.com\/index.php?rest_route=%2Fwp%2Fv2%2Fcomments&post=4378"}],"wp:featuredmedia":[{"embeddable":true,"href":"https:\/\/shop.noisytriathlon.com\/index.php?rest_route=\/wp\/v2\/media\/4380"}],"wp:attachment":[{"href":"https:\/\/shop.noisytriathlon.com\/index.php?rest_route=%2Fwp%2Fv2%2Fmedia&parent=4378"}],"wp:term":[{"taxonomy":"product_brand","embeddable":true,"href":"https:\/\/shop.noisytriathlon.com\/index.php?rest_route=%2Fwp%2Fv2%2Fproduct_brand&post=4378"},{"taxonomy":"product_cat","embeddable":true,"href":"https:\/\/shop.noisytriathlon.com\/index.php?rest_route=%2Fwp%2Fv2%2Fproduct_cat&post=4378"},{"taxonomy":"product_tag","embeddable":true,"href":"https:\/\/shop.noisytriathlon.com\/index.php?rest_route=%2Fwp%2Fv2%2Fproduct_tag&post=4378"}],"curies":[{"name":"wp","href":"https:\/\/api.w.org\/{rel}","templated":true}]}}