{"id":4395,"date":"2024-11-13T18:11:07","date_gmt":"2024-11-13T17:11:07","guid":{"rendered":"https:\/\/shop.noisytriathlon.com\/?post_type=product&#038;p=4395"},"modified":"2025-09-23T23:01:21","modified_gmt":"2025-09-23T21:01:21","slug":"sweat-junior-club","status":"publish","type":"product","link":"https:\/\/shop.noisytriathlon.com\/?product=sweat-junior-club","title":{"rendered":"Sweat Junior Club"},"content":{"rendered":"<div id=\"product-4549\" class=\"product type-product post-4549 status-publish first onbackorder product_cat-sweats-a-capuche-enfant has-post-thumbnail taxable shipping-taxable purchasable product-type-variable\">\n<div class=\"woocommerce-tabs\">\n<div id=\"tab-description\" class=\"panel entry-content current\">\n<div class=\"row\">\n<div class=\"large-8 xlarge-6 large-centered xlarge-centered columns\">\n<p><span style=\"color: #e50477;\"><strong>DESIGN EN COURS DE FINALISATION<\/strong><\/span><\/p>\n<p>Fabriqu\u00e9 en coton m\u00e9lang\u00e9 avec des \u00e9paules tombantes et des manches longues.<\/p>\n<ul>\n<li>Encolure, poignets et ourlet c\u00f4tel\u00e9s.<\/li>\n<li>Doublure int\u00e9rieure en polaire.<\/li>\n<li>Anti-boulochage.<\/li>\n<\/ul>\n<p><span style=\"color: #e50477;\"><strong>Composition<\/strong><\/span><\/p>\n<ul>\n<li>80% coton \u2013 20% polyester recycl\u00e9<\/li>\n<\/ul>\n<\/div>\n<\/div>\n<\/div>\n<\/div>\n<\/div>\n<table class=\"woocommerce-product-attributes shop_attributes\">\n<tbody>\n<tr class=\"woocommerce-product-attributes-item woocommerce-product-attributes-item--weight\">\n<th class=\"woocommerce-product-attributes-item__label\">Poids<\/th>\n<td class=\"woocommerce-product-attributes-item__value\">280 g\/m2<\/td>\n<\/tr>\n<tr class=\"woocommerce-product-attributes-item woocommerce-product-attributes-item--attribute_taille-enfant\">\n<th class=\"woocommerce-product-attributes-item__label\">Taille Junior<\/th>\n<td class=\"woocommerce-product-attributes-item__value\">XS (3-4 ans), S (5-6 ans), M (7-8 ans), L (9-11 ans)<\/td>\n<\/tr>\n<\/tbody>\n<\/table>\n","protected":false},"excerpt":{"rendered":"<h3><span style=\"color: #e50477;\"><strong>Confort, douceur et chaleur<\/strong><\/span><\/h3>\n<p>Confectionn\u00e9 dans un tissu confortable, le sweat noir du club de <strong><span style=\"color: #e50477;\">Noisy-le-Grand Triathlon<\/span><\/strong>,\u00a0vous procurera une agr\u00e9able sensation de douceur et de chaleur.<\/p>\n<p>Les logos avant et dos sont brod\u00e9s pour une meilleur durabilit\u00e9. Avec ce sweat vous pourrez braver toutes les \u00e9preuves, m\u00eame celle du froid !<\/p>\n<ul>\n<li>Sweat-shirt<\/li>\n<li>Coupe moderne<\/li>\n<\/ul>\n","protected":false},"featured_media":4392,"comment_status":"open","ping_status":"closed","template":"","meta":{"_bbp_topic_count":0,"_bbp_reply_count":0,"_bbp_total_topic_count":0,"_bbp_total_reply_count":0,"_bbp_voice_count":0,"_bbp_anonymous_reply_count":0,"_bbp_topic_count_hidden":0,"_bbp_reply_count_hidden":0,"_bbp_forum_subforum_count":0},"product_brand":[],"product_cat":[29],"product_tag":[],"class_list":{"0":"post-4395","1":"product","2":"type-product","3":"status-publish","4":"has-post-thumbnail","6":"product_cat-enfant","8":"first","9":"instock","10":"shipping-taxable","11":"product-type-variable"},"jetpack_sharing_enabled":true,"_links":{"self":[{"href":"https:\/\/shop.noisytriathlon.com\/index.php?rest_route=\/wp\/v2\/product\/4395","targetHints":{"allow":["GET"]}}],"collection":[{"href":"https:\/\/shop.noisytriathlon.com\/index.php?rest_route=\/wp\/v2\/product"}],"about":[{"href":"https:\/\/shop.noisytriathlon.com\/index.php?rest_route=\/wp\/v2\/types\/product"}],"replies":[{"embeddable":true,"href":"https:\/\/shop.noisytriathlon.com\/index.php?rest_route=%2Fwp%2Fv2%2Fcomments&post=4395"}],"wp:featuredmedia":[{"embeddable":true,"href":"https:\/\/shop.noisytriathlon.com\/index.php?rest_route=\/wp\/v2\/media\/4392"}],"wp:attachment":[{"href":"https:\/\/shop.noisytriathlon.com\/index.php?rest_route=%2Fwp%2Fv2%2Fmedia&parent=4395"}],"wp:term":[{"taxonomy":"product_brand","embeddable":true,"href":"https:\/\/shop.noisytriathlon.com\/index.php?rest_route=%2Fwp%2Fv2%2Fproduct_brand&post=4395"},{"taxonomy":"product_cat","embeddable":true,"href":"https:\/\/shop.noisytriathlon.com\/index.php?rest_route=%2Fwp%2Fv2%2Fproduct_cat&post=4395"},{"taxonomy":"product_tag","embeddable":true,"href":"https:\/\/shop.noisytriathlon.com\/index.php?rest_route=%2Fwp%2Fv2%2Fproduct_tag&post=4395"}],"curies":[{"name":"wp","href":"https:\/\/api.w.org\/{rel}","templated":true}]}}