{"id":4397,"date":"2024-11-13T18:13:43","date_gmt":"2024-11-13T17:13:43","guid":{"rendered":"https:\/\/shop.noisytriathlon.com\/?post_type=product&#038;p=4397"},"modified":"2024-11-16T17:02:28","modified_gmt":"2024-11-16T16:02:28","slug":"cuissard-long-homme-club","status":"publish","type":"product","link":"https:\/\/shop.noisytriathlon.com\/?product=cuissard-long-homme-club","title":{"rendered":"Cuissard long Homme Club"},"content":{"rendered":"<h2>DESCRIPTIF TECHNIQUE DE LA COLLANT DE CYCLISME CLUB <span style=\"color: #e50477;\">HOMME<\/span><\/h2>\n<p>Le collant \u00e0 bretelles Core Thermal est dot\u00e9 des meilleurs tissus thermiques, ce qui lui permet d&rsquo;\u00eatre plus extensible, d&rsquo;\u00e9pouser la forme du corps et d&rsquo;offrir une sensation sur mesure, tout en emp\u00eachant le froid et le vent de p\u00e9n\u00e9trer.<\/p>\n<ul>\n<li style=\"list-style-type: none;\">\n<ul>\n<li>Inserts en mesh pour la respirabilit\u00e9 et le confort.<\/li>\n<li>Peau de chamois 3D exclusive de HUUB avec gestion de l&rsquo;humidit\u00e9 et une mousse haute densit\u00e9.<\/li>\n<li>Bretelles l\u00e9g\u00e8res, respirantes et extensibles.<\/li>\n<li>Termin\u00e9 par un \u00e9lastique et bande de silicone<\/li>\n<\/ul>\n<\/li>\n<\/ul>\n<h2>COMPOSITION DU CUISSARD LONG :<\/h2>\n<ul>\n<li>Fond uni 250g trait\u00e9 DWR\u00ae : 85% Polyamide 15% Elasthanne<\/li>\n<li>Parties sublim\u00e9es 260g trait\u00e9es DWR\u00ae : 83% Polyester 17% Elasthanne<\/li>\n<li>Bretelles a\u00e9r\u00e9es : 75% Polyamide 25% Elasthanne<\/li>\n<\/ul>\n<h2>TAILLES DISPONIBLES :<\/h2>\n<p>Adulte : XS &#8211; S &#8211; M &#8211; L &#8211; XL &#8211; 2XL<\/p>\n<h3>CONSEILS DE LAVAGE :<\/h3>\n<p><img loading=\"lazy\" decoding=\"async\" src=\"https:\/\/www.poli.fr\/img\/cms\/lavage_30_sans_fer.jpg\" alt=\"conseils de lavage\" width=\"300\" height=\"194\" \/><\/p>\n<p>&nbsp;<\/p>\n","protected":false},"excerpt":{"rendered":"<h4><strong><span style=\"color: #e50477;\">Visuel non contractuel (collant aux couleurs et logo du club)<\/span><\/strong><\/h4>\n<hr \/>\n<p>Le collant cyclisme technique, de la gamme CLUB, dot\u00e9 de <span style=\"color: #e50477;\"><strong>bretelles a\u00e9r\u00e9es microfibre<\/strong><\/span>, offre<span style=\"color: #e50477;\"><strong> un confort et un maintien parfait<\/strong><\/span>. Enti\u00e8rement <span style=\"color: #e50477;\"><strong>trait\u00e9 DWR\u00ae<\/strong><\/span> pour une meilleure<span style=\"color: #e50477;\"><strong> protection au froid<\/strong><\/span>, sa base \u00e0 la <span style=\"color: #e50477;\"><strong>technologie ThermoXTENS\u00ae<\/strong><\/span> apporte un total confort pour vos<span style=\"color: #e50477;\"><strong> sorties hivernales<\/strong><\/span>. Pr\u00e9form\u00e9, sa d\u00e9coupe dos et ses bandes de c\u00f4t\u00e9s sont personnalisables par sublimation, en coordonn\u00e9 au <span style=\"color: #e50477;\">cuissard<\/span>. Fini aux chevilles par un <span style=\"color: #e50477;\"><strong>\u00e9lastique antiglisse avec silicone<\/strong><\/span>, il propose \u00e9galement une finition zip en bas de la jambe. Il est \u00e9galement tr\u00e8s appr\u00e9ci\u00e9 pour la pratique du roller.<\/p>\n<p><span style=\"color: #e50477;\"><strong>FLOCAGE OFFERT : Merci d\u2019ajouter le texte du flocage dans le commentaire lors de la commande.<\/strong><\/span><\/p>\n","protected":false},"featured_media":4398,"comment_status":"open","ping_status":"closed","template":"","meta":{"_bbp_topic_count":0,"_bbp_reply_count":0,"_bbp_total_topic_count":0,"_bbp_total_reply_count":0,"_bbp_voice_count":0,"_bbp_anonymous_reply_count":0,"_bbp_topic_count_hidden":0,"_bbp_reply_count_hidden":0,"_bbp_forum_subforum_count":0},"product_brand":[],"product_cat":[27,15],"product_tag":[],"class_list":{"0":"post-4397","1":"product","2":"type-product","3":"status-publish","4":"has-post-thumbnail","6":"product_cat-homme","7":"product_cat-cycliste_homme","9":"first","10":"instock","11":"featured","12":"shipping-taxable","13":"product-type-variable"},"jetpack_sharing_enabled":true,"_links":{"self":[{"href":"https:\/\/shop.noisytriathlon.com\/index.php?rest_route=\/wp\/v2\/product\/4397","targetHints":{"allow":["GET"]}}],"collection":[{"href":"https:\/\/shop.noisytriathlon.com\/index.php?rest_route=\/wp\/v2\/product"}],"about":[{"href":"https:\/\/shop.noisytriathlon.com\/index.php?rest_route=\/wp\/v2\/types\/product"}],"replies":[{"embeddable":true,"href":"https:\/\/shop.noisytriathlon.com\/index.php?rest_route=%2Fwp%2Fv2%2Fcomments&post=4397"}],"wp:featuredmedia":[{"embeddable":true,"href":"https:\/\/shop.noisytriathlon.com\/index.php?rest_route=\/wp\/v2\/media\/4398"}],"wp:attachment":[{"href":"https:\/\/shop.noisytriathlon.com\/index.php?rest_route=%2Fwp%2Fv2%2Fmedia&parent=4397"}],"wp:term":[{"taxonomy":"product_brand","embeddable":true,"href":"https:\/\/shop.noisytriathlon.com\/index.php?rest_route=%2Fwp%2Fv2%2Fproduct_brand&post=4397"},{"taxonomy":"product_cat","embeddable":true,"href":"https:\/\/shop.noisytriathlon.com\/index.php?rest_route=%2Fwp%2Fv2%2Fproduct_cat&post=4397"},{"taxonomy":"product_tag","embeddable":true,"href":"https:\/\/shop.noisytriathlon.com\/index.php?rest_route=%2Fwp%2Fv2%2Fproduct_tag&post=4397"}],"curies":[{"name":"wp","href":"https:\/\/api.w.org\/{rel}","templated":true}]}}