{"id":4402,"date":"2024-11-14T14:37:54","date_gmt":"2024-11-14T13:37:54","guid":{"rendered":"https:\/\/shop.noisytriathlon.com\/?post_type=product&#038;p=4402"},"modified":"2024-11-16T13:29:33","modified_gmt":"2024-11-16T12:29:33","slug":"gilet-coupe-vent-homme-club","status":"publish","type":"product","link":"https:\/\/shop.noisytriathlon.com\/?product=gilet-coupe-vent-homme-club","title":{"rendered":"Gilet Coupe Vent Homme Club"},"content":{"rendered":"<h2>DESCRIPTIF TECHNIQUE DU GILET SANS MANCHE<\/h2>\n<p>Marque <span style=\"color: #ff0000;\">HUUB<\/span><\/p>\n<p>Le gilet coupe vent est un \u00e9l\u00e9ment cl\u00e9 de la garde-robe des cyclistes. Id\u00e9al pour les conditions m\u00e9t\u00e9orologiques impr\u00e9visibles ou pour ajouter une couche coupe-vent lors de vos sorties hivernales. Gilet tr\u00e8s l\u00e9ger, respirant, parfait pour \u00eatre rang\u00e9 dans la poche arri\u00e8re de votre maillot. Il est dot\u00e9 de trois poches arri\u00e8re et d&rsquo;\u00e9l\u00e9ments r\u00e9fl\u00e9chissants.<\/p>\n<ul>\n<li style=\"list-style-type: none;\">\n<ul>\n<li>Fermeture \u00e9clair HUUB Cam Lock sur toute la longueur.<\/li>\n<li>L\u00e9ger pour se ranger dans une poche arri\u00e8re.<\/li>\n<li>Tissu technique, l\u00e9ger et respirant.<\/li>\n<li>Panneau en mesh sous les bras.<\/li>\n<li>Trois poches arri\u00e8re passepoil\u00e9es.<\/li>\n<li>Bande en silicone \u00e0 la taille.<\/li>\n<\/ul>\n<\/li>\n<\/ul>\n<h3>COMPOSITION DU COUPE-VENT DE CYCLISME<\/h3>\n<ul>\n<li>100% Polyester<\/li>\n<\/ul>\n<h3>TAILLES DISPONIBLES<\/h3>\n<ul>\n<li>Enfant : 6\/8ans &#8211; 10\/12ans*<\/li>\n<li>Adulte : 1 &#8211; 2 &#8211; 3 &#8211; 4 &#8211; 5 &#8211; 6 &#8211; 7 &#8211; 8 &#8211; 9 &#8211; 10 \u2013 11<\/li>\n<\/ul>\n<h3>CONSEILS DE LAVAGE<\/h3>\n<p><img loading=\"lazy\" decoding=\"async\" src=\"https:\/\/www.poli.fr\/img\/cms\/lavage_30_sans_fer.jpg\" alt=\"\" width=\"300\" height=\"194\" \/><\/p>\n","protected":false},"excerpt":{"rendered":"<p><span style=\"color: #e50477;\"><strong>Attention visuel non contractuel, v\u00eatement avec les logos et couleur du club en cours de maquettage.<\/strong><\/span><\/p>\n<p>Le gilet sans manche Huub, de la gamme COURSE, <span style=\"color: #e50477;\"><strong>prot\u00e8ge de la pluie et du vent<\/strong><\/span> tout en offrant une<span style=\"color: #e50477;\"><strong> excellente ventilation<\/strong><\/span>. Enti\u00e8rement personnalisable, ce gilet de v\u00e9lo sans manche est une protection id\u00e9ale face au vent frais. <span style=\"color: #e50477;\"><strong>Fin et l\u00e9ger<\/strong><span style=\"color: #000000;\">,<\/span><\/span> il <strong><span style=\"color: #e50477;\">se range facilement\u00a0<\/span><\/strong>dans une poche de maillot pour \u00eatre d\u00e9pli\u00e9 d\u00e8s que n\u00e9cessaire. En montagne, c&rsquo;est l&rsquo;accessoire indispensable pour <span style=\"color: #e50477;\"><strong>descendre les cols sans prendre froid<\/strong>.<\/span><\/p>\n<p><span style=\"color: #e50477;\"><strong>FLOCAGE OFFERT : Merci d\u2019ajouter le texte du flocage dans le commentaire lors de la commande.<\/strong><\/span><\/p>\n","protected":false},"featured_media":4403,"comment_status":"open","ping_status":"closed","template":"","meta":{"_bbp_topic_count":0,"_bbp_reply_count":0,"_bbp_total_topic_count":0,"_bbp_total_reply_count":0,"_bbp_voice_count":0,"_bbp_anonymous_reply_count":0,"_bbp_topic_count_hidden":0,"_bbp_reply_count_hidden":0,"_bbp_forum_subforum_count":0},"product_brand":[],"product_cat":[27,15],"product_tag":[],"class_list":{"0":"post-4402","1":"product","2":"type-product","3":"status-publish","4":"has-post-thumbnail","6":"product_cat-homme","7":"product_cat-cycliste_homme","9":"first","10":"instock","11":"shipping-taxable","12":"product-type-variable"},"jetpack_sharing_enabled":true,"_links":{"self":[{"href":"https:\/\/shop.noisytriathlon.com\/index.php?rest_route=\/wp\/v2\/product\/4402","targetHints":{"allow":["GET"]}}],"collection":[{"href":"https:\/\/shop.noisytriathlon.com\/index.php?rest_route=\/wp\/v2\/product"}],"about":[{"href":"https:\/\/shop.noisytriathlon.com\/index.php?rest_route=\/wp\/v2\/types\/product"}],"replies":[{"embeddable":true,"href":"https:\/\/shop.noisytriathlon.com\/index.php?rest_route=%2Fwp%2Fv2%2Fcomments&post=4402"}],"wp:featuredmedia":[{"embeddable":true,"href":"https:\/\/shop.noisytriathlon.com\/index.php?rest_route=\/wp\/v2\/media\/4403"}],"wp:attachment":[{"href":"https:\/\/shop.noisytriathlon.com\/index.php?rest_route=%2Fwp%2Fv2%2Fmedia&parent=4402"}],"wp:term":[{"taxonomy":"product_brand","embeddable":true,"href":"https:\/\/shop.noisytriathlon.com\/index.php?rest_route=%2Fwp%2Fv2%2Fproduct_brand&post=4402"},{"taxonomy":"product_cat","embeddable":true,"href":"https:\/\/shop.noisytriathlon.com\/index.php?rest_route=%2Fwp%2Fv2%2Fproduct_cat&post=4402"},{"taxonomy":"product_tag","embeddable":true,"href":"https:\/\/shop.noisytriathlon.com\/index.php?rest_route=%2Fwp%2Fv2%2Fproduct_tag&post=4402"}],"curies":[{"name":"wp","href":"https:\/\/api.w.org\/{rel}","templated":true}]}}