{"id":4446,"date":"2024-11-19T18:45:41","date_gmt":"2024-11-19T17:45:41","guid":{"rendered":"https:\/\/shop.noisytriathlon.com\/?post_type=product&#038;p=4446"},"modified":"2025-09-22T14:47:48","modified_gmt":"2025-09-22T12:47:48","slug":"sweat-capuche-femme-club","status":"publish","type":"product","link":"https:\/\/shop.noisytriathlon.com\/?product=sweat-capuche-femme-club","title":{"rendered":"Sweat Capuche Mixte Club"},"content":{"rendered":"<div id=\"product-4549\" class=\"product type-product post-4549 status-publish first onbackorder product_cat-sweats-a-capuche-enfant has-post-thumbnail taxable shipping-taxable purchasable product-type-variable\">\n<div class=\"woocommerce-tabs\">\n<div id=\"tab-description\" class=\"panel entry-content current\">\n<div class=\"row\">\n<div class=\"large-8 xlarge-6 large-centered xlarge-centered columns\">\n<p><span style=\"color: #e50477;\"><strong>DESIGN EN COURS DE FINALISATION<\/strong><\/span><\/p>\n<p>Fabriqu\u00e9 en coton m\u00e9lang\u00e9 avec des \u00e9paules tombantes et des manches longues.<\/p>\n<ul>\n<li>Encolure, poignets et ourlet c\u00f4tel\u00e9s.<\/li>\n<li>Capuche<\/li>\n<li>Anti-boulochage.<\/li>\n<\/ul>\n<p><span style=\"color: #e50477;\"><strong>Composition<\/strong><\/span><\/p>\n<ul>\n<li>80% coton \u2013 20% polyester recycl\u00e9<\/li>\n<\/ul>\n<\/div>\n<\/div>\n<\/div>\n<\/div>\n<\/div>\n<div class=\"row\">\n<div class=\"xlarge-9 xlarge-centered columns\"><\/div>\n<\/div>\n<div class=\"single_product_summary_related\">\n<div class=\"row\">\n<div class=\"xlarge-9 xlarge-centered columns\">\n<div class=\"row\">\n<div class=\"large-12 large-centered columns\"><\/div>\n<\/div>\n<\/div>\n<\/div>\n<\/div>\n<p>&nbsp;<\/p>\n<table class=\"woocommerce-product-attributes shop_attributes\">\n<tbody>\n<tr class=\"woocommerce-product-attributes-item woocommerce-product-attributes-item--weight\">\n<th class=\"woocommerce-product-attributes-item__label\">Poids<\/th>\n<td class=\"woocommerce-product-attributes-item__value\">280 g\/m2<\/td>\n<\/tr>\n<tr class=\"woocommerce-product-attributes-item woocommerce-product-attributes-item--attribute_taille-enfant\">\n<th class=\"woocommerce-product-attributes-item__label\">Taille femme<\/th>\n<td class=\"woocommerce-product-attributes-item__value\">XS, S, M, L , XL, 2XL<\/td>\n<\/tr>\n<\/tbody>\n<\/table>\n","protected":false},"excerpt":{"rendered":"<h3><span style=\"color: #e50477;\"><strong>Confort, douceur et chaleur (Attention image non contractuelle)<\/strong><\/span><\/h3>\n<p>Confectionn\u00e9 dans un tissu confortable, le sweat noir du club de <strong><span style=\"color: #e50477;\">Noisy-le-Grand Triathlon<\/span><\/strong>,\u00a0vous procurera une agr\u00e9able sensation de douceur et de chaleur.<\/p>\n<p>Les logos avant et dos sont brod\u00e9s pour une meilleur durabilit\u00e9. Avec ce sweat vous pourrez braver toutes les \u00e9preuves, m\u00eame celle du froid !<\/p>\n<ul>\n<li>Sweat-shirt<\/li>\n<li>Coupe moderne<\/li>\n<\/ul>\n","protected":false},"featured_media":4392,"comment_status":"open","ping_status":"closed","template":"","meta":{"_bbp_topic_count":0,"_bbp_reply_count":0,"_bbp_total_topic_count":0,"_bbp_total_reply_count":0,"_bbp_voice_count":0,"_bbp_anonymous_reply_count":0,"_bbp_topic_count_hidden":0,"_bbp_reply_count_hidden":0,"_bbp_forum_subforum_count":0},"product_brand":[],"product_cat":[16,34,28,27],"product_tag":[],"class_list":{"0":"post-4446","1":"product","2":"type-product","3":"status-publish","4":"has-post-thumbnail","6":"product_cat-accessories_homme","7":"product_cat-accessories_femme","8":"product_cat-femme","9":"product_cat-homme","11":"first","12":"instock","13":"shipping-taxable","14":"product-type-variable"},"jetpack_sharing_enabled":true,"_links":{"self":[{"href":"https:\/\/shop.noisytriathlon.com\/index.php?rest_route=\/wp\/v2\/product\/4446","targetHints":{"allow":["GET"]}}],"collection":[{"href":"https:\/\/shop.noisytriathlon.com\/index.php?rest_route=\/wp\/v2\/product"}],"about":[{"href":"https:\/\/shop.noisytriathlon.com\/index.php?rest_route=\/wp\/v2\/types\/product"}],"replies":[{"embeddable":true,"href":"https:\/\/shop.noisytriathlon.com\/index.php?rest_route=%2Fwp%2Fv2%2Fcomments&post=4446"}],"wp:featuredmedia":[{"embeddable":true,"href":"https:\/\/shop.noisytriathlon.com\/index.php?rest_route=\/wp\/v2\/media\/4392"}],"wp:attachment":[{"href":"https:\/\/shop.noisytriathlon.com\/index.php?rest_route=%2Fwp%2Fv2%2Fmedia&parent=4446"}],"wp:term":[{"taxonomy":"product_brand","embeddable":true,"href":"https:\/\/shop.noisytriathlon.com\/index.php?rest_route=%2Fwp%2Fv2%2Fproduct_brand&post=4446"},{"taxonomy":"product_cat","embeddable":true,"href":"https:\/\/shop.noisytriathlon.com\/index.php?rest_route=%2Fwp%2Fv2%2Fproduct_cat&post=4446"},{"taxonomy":"product_tag","embeddable":true,"href":"https:\/\/shop.noisytriathlon.com\/index.php?rest_route=%2Fwp%2Fv2%2Fproduct_tag&post=4446"}],"curies":[{"name":"wp","href":"https:\/\/api.w.org\/{rel}","templated":true}]}}